{"id":455,"date":"2022-06-12T20:40:55","date_gmt":"2022-06-12T18:40:55","guid":{"rendered":"https:\/\/www.mggrindelwald.ch\/?page_id=455"},"modified":"2026-03-18T21:45:25","modified_gmt":"2026-03-18T20:45:25","slug":"jahresprogramm","status":"publish","type":"page","link":"https:\/\/www.mggrindelwald.ch\/?page_id=455","title":{"rendered":"Jahresprogramm"},"content":{"rendered":"\n<p><strong>2026<\/strong>:<\/p>\n\n\n\n<p><strong>24. Januar<\/strong>: <strong>Lottomatch im Kongresssaal<\/strong><\/p>\n\n\n\n<p><strong>15. Mai: EMF26 &#8211; Eidgen\u00f6ssisches Musikfest Biel<\/strong><br>Parademusik traditionell: 14.35 &#8211; 14.38 (Strecke #1)<br>Konzertmusik, 3. Klasse, Harmonie: 18.20 &#8211; 18.50 (Aula Rittermatte) <\/p>\n\n\n\n<p><strong>12. Juli: Sommerfest Iseltwal<\/strong>d<\/p>\n\n\n\n<p><strong>1.<\/strong> <strong>August: St\u00e4ndli am Nationalfeiertag<\/strong><\/p>\n\n\n\n<p><strong>9. August: Talmusiktreffen M\u00fcrren<\/strong><\/p>\n\n\n\n<p><strong>20. September: Bergpredigt M\u00e4nnlichen<\/strong><\/p>\n\n\n\n<p><strong>5. Oktober: Karussell am Grindelwald M\u00e4rt<\/strong><\/p>\n\n\n\n<p><strong>5. Dezember: Kirchenkonzert<\/strong><br><\/p>\n\n\n\n<p><\/p>\n","protected":false},"excerpt":{"rendered":"<p>2026: 24. Januar: Lottomatch im Kongresssaal 15. Mai: EMF26 &#8211; Eidgen\u00f6ssisches Musikfest BielParademusik traditionell: 14.35 &#8211; 14.38 (Strecke #1)Konzertmusik, 3. Klasse, Harmonie: 18.20 &#8211; 18.50 (Aula Rittermatte) 12. Juli: Sommerfest Iseltwald 1. August: St\u00e4ndli am Nationalfeiertag 9. August: Talmusiktreffen M\u00fcrren 20. September: Bergpredigt M\u00e4nnlichen 5. Oktober: Karussell am Grindelwald M\u00e4rt 5. Dezember: Kirchenkonzert<\/p>\n","protected":false},"author":1,"featured_media":0,"parent":0,"menu_order":0,"comment_status":"closed","ping_status":"closed","template":"","meta":{"footnotes":""},"class_list":["post-455","page","type-page","status-publish","hentry"],"_links":{"self":[{"href":"https:\/\/www.mggrindelwald.ch\/index.php?rest_route=\/wp\/v2\/pages\/455","targetHints":{"allow":["GET"]}}],"collection":[{"href":"https:\/\/www.mggrindelwald.ch\/index.php?rest_route=\/wp\/v2\/pages"}],"about":[{"href":"https:\/\/www.mggrindelwald.ch\/index.php?rest_route=\/wp\/v2\/types\/page"}],"author":[{"embeddable":true,"href":"https:\/\/www.mggrindelwald.ch\/index.php?rest_route=\/wp\/v2\/users\/1"}],"replies":[{"embeddable":true,"href":"https:\/\/www.mggrindelwald.ch\/index.php?rest_route=%2Fwp%2Fv2%2Fcomments&post=455"}],"version-history":[{"count":75,"href":"https:\/\/www.mggrindelwald.ch\/index.php?rest_route=\/wp\/v2\/pages\/455\/revisions"}],"predecessor-version":[{"id":928,"href":"https:\/\/www.mggrindelwald.ch\/index.php?rest_route=\/wp\/v2\/pages\/455\/revisions\/928"}],"wp:attachment":[{"href":"https:\/\/www.mggrindelwald.ch\/index.php?rest_route=%2Fwp%2Fv2%2Fmedia&parent=455"}],"curies":[{"name":"wp","href":"https:\/\/api.w.org\/{rel}","templated":true}]}}